{"id":741,"date":"2021-10-29T08:15:42","date_gmt":"2021-10-29T08:15:42","guid":{"rendered":"https:\/\/demo.athemes.com\/sydney-main\/?page_id=5"},"modified":"2025-08-05T13:43:05","modified_gmt":"2025-08-05T13:43:05","slug":"my-front-page","status":"publish","type":"page","link":"https:\/\/teenform.ro\/","title":{"rendered":"Acas\u0103"},"content":{"rendered":"\t\t<div data-elementor-type=\"wp-page\" data-elementor-id=\"741\" class=\"elementor elementor-741\">\n\t\t\t\t\t\t<section class=\"elementor-section elementor-top-section elementor-element elementor-element-1671035a elementor-section-content-middle hero-area elementor-reverse-mobile elementor-section-boxed elementor-section-height-default elementor-section-height-default\" data-id=\"1671035a\" data-element_type=\"section\" data-settings=\"{&quot;background_background&quot;:&quot;classic&quot;}\">\n\t\t\t\t\t\t<div class=\"elementor-container elementor-column-gap-no\">\n\t\t\t\t\t<div class=\"elementor-column elementor-col-50 elementor-top-column elementor-element elementor-element-457a111a\" data-id=\"457a111a\" data-element_type=\"column\">\n\t\t\t<div class=\"elementor-widget-wrap\">\n\t\t\t\t\t\t\t<\/div>\n\t\t<\/div>\n\t\t\t\t<div class=\"elementor-column elementor-col-50 elementor-top-column elementor-element elementor-element-5f5e82ed hero-extend\" data-id=\"5f5e82ed\" data-element_type=\"column\" data-settings=\"{&quot;background_background&quot;:&quot;classic&quot;}\">\n\t\t\t<div class=\"elementor-widget-wrap\">\n\t\t\t\t\t\t\t<\/div>\n\t\t<\/div>\n\t\t\t\t\t<\/div>\n\t\t<\/section>\n\t\t\t\t<section class=\"elementor-section elementor-top-section elementor-element elementor-element-1f20a0c4 elementor-section-content-middle hero-area elementor-reverse-mobile elementor-section-boxed elementor-section-height-default elementor-section-height-default\" data-id=\"1f20a0c4\" data-element_type=\"section\" data-settings=\"{&quot;background_background&quot;:&quot;classic&quot;}\">\n\t\t\t\t\t\t<div class=\"elementor-container elementor-column-gap-no\">\n\t\t\t\t\t<div class=\"elementor-column elementor-col-50 elementor-top-column elementor-element elementor-element-7a01b8ed\" data-id=\"7a01b8ed\" data-element_type=\"column\">\n\t\t\t<div class=\"elementor-widget-wrap elementor-element-populated\">\n\t\t\t\t\t\t<div class=\"elementor-element elementor-element-6864edb7 elementor-invisible elementor-widget elementor-widget-heading\" data-id=\"6864edb7\" data-element_type=\"widget\" data-settings=\"{&quot;_animation&quot;:&quot;fadeInUp&quot;}\" data-widget_type=\"heading.default\">\n\t\t\t\t\t<h1 class=\"elementor-heading-title elementor-size-default\">TEENFORM<\/h1>\t\t\t\t<\/div>\n\t\t\t\t<div class=\"elementor-element elementor-element-14baa2c3 elementor-widget__width-initial elementor-invisible elementor-widget elementor-widget-heading\" data-id=\"14baa2c3\" data-element_type=\"widget\" data-settings=\"{&quot;_animation&quot;:&quot;fadeInUp&quot;,&quot;_animation_delay&quot;:500}\" data-widget_type=\"heading.default\">\n\t\t\t\t\t<div class=\"elementor-heading-title elementor-size-default\">TEENFORM - SMIS 337252 \n un nou \u00eenceput pentru 280 de tineri din Regiunea Centru (jude\u021bele Alba, Bra\u0219ov, Covasna, Harghita, Mure\u0219 \u0219i Sibiu)<\/div>\t\t\t\t<\/div>\n\t\t\t\t<div class=\"elementor-element elementor-element-284701aa elementor-align-left elementor-mobile-align-justify elementor-invisible elementor-widget elementor-widget-button\" data-id=\"284701aa\" data-element_type=\"widget\" data-settings=\"{&quot;_animation&quot;:&quot;fadeIn&quot;,&quot;_animation_delay&quot;:1000}\" data-widget_type=\"button.default\">\n\t\t\t\t\t\t\t\t\t\t<a class=\"elementor-button elementor-button-link elementor-size-sm\" href=\"https:\/\/teenform.ro\/?page_id=401\">\n\t\t\t\t\t\t<span class=\"elementor-button-content-wrapper\">\n\t\t\t\t\t\t\t\t\t<span class=\"elementor-button-text\">Afl\u0103 mai multe despre proiectul TEENFORM<\/span>\n\t\t\t\t\t<\/span>\n\t\t\t\t\t<\/a>\n\t\t\t\t\t\t\t\t<\/div>\n\t\t\t\t\t<\/div>\n\t\t<\/div>\n\t\t\t\t<div class=\"elementor-column elementor-col-50 elementor-top-column elementor-element elementor-element-4619780b hero-extend\" data-id=\"4619780b\" data-element_type=\"column\" data-settings=\"{&quot;background_background&quot;:&quot;classic&quot;}\">\n\t\t\t<div class=\"elementor-widget-wrap elementor-element-populated\">\n\t\t\t\t\t\t<div class=\"elementor-element elementor-element-18b74e69 hero-image elementor-widget__width-initial elementor-widget elementor-widget-image\" data-id=\"18b74e69\" data-element_type=\"widget\" data-widget_type=\"image.default\">\n\t\t\t\t\t\t\t\t\t\t\t\t\t\t\t<img fetchpriority=\"high\" decoding=\"async\" width=\"1920\" height=\"1080\" src=\"https:\/\/teenform.ro\/wp-content\/uploads\/2025\/07\/Fara-titlu-1920-x-1080-px.png\" class=\"attachment-full size-full wp-image-1086\" alt=\"\" srcset=\"https:\/\/teenform.ro\/wp-content\/uploads\/2025\/07\/Fara-titlu-1920-x-1080-px.png 1920w, https:\/\/teenform.ro\/wp-content\/uploads\/2025\/07\/Fara-titlu-1920-x-1080-px-300x169.png 300w, https:\/\/teenform.ro\/wp-content\/uploads\/2025\/07\/Fara-titlu-1920-x-1080-px-1024x576.png 1024w, https:\/\/teenform.ro\/wp-content\/uploads\/2025\/07\/Fara-titlu-1920-x-1080-px-768x432.png 768w, https:\/\/teenform.ro\/wp-content\/uploads\/2025\/07\/Fara-titlu-1920-x-1080-px-1536x864.png 1536w, https:\/\/teenform.ro\/wp-content\/uploads\/2025\/07\/Fara-titlu-1920-x-1080-px-1000x563.png 1000w, https:\/\/teenform.ro\/wp-content\/uploads\/2025\/07\/Fara-titlu-1920-x-1080-px-230x129.png 230w, https:\/\/teenform.ro\/wp-content\/uploads\/2025\/07\/Fara-titlu-1920-x-1080-px-350x197.png 350w, https:\/\/teenform.ro\/wp-content\/uploads\/2025\/07\/Fara-titlu-1920-x-1080-px-480x270.png 480w\" sizes=\"(max-width: 1920px) 100vw, 1920px\" \/>\t\t\t\t\t\t\t\t\t\t\t\t\t\t\t<\/div>\n\t\t\t\t\t<\/div>\n\t\t<\/div>\n\t\t\t\t\t<\/div>\n\t\t<\/section>\n\t\t\t\t<section class=\"elementor-section elementor-top-section elementor-element elementor-element-8379181 elementor-section-content-middle elementor-reverse-mobile elementor-section-boxed elementor-section-height-default elementor-section-height-default\" data-id=\"8379181\" data-element_type=\"section\" data-settings=\"{&quot;background_background&quot;:&quot;classic&quot;}\">\n\t\t\t\t\t\t<div class=\"elementor-container elementor-column-gap-default\">\n\t\t\t\t\t<div class=\"elementor-column elementor-col-50 elementor-top-column elementor-element elementor-element-39caae5\" data-id=\"39caae5\" data-element_type=\"column\">\n\t\t\t<div class=\"elementor-widget-wrap elementor-element-populated\">\n\t\t\t\t\t\t<div class=\"elementor-element elementor-element-55a8a2a elementor-widget elementor-widget-heading\" data-id=\"55a8a2a\" data-element_type=\"widget\" data-widget_type=\"heading.default\">\n\t\t\t\t\t<h2 class=\"elementor-heading-title elementor-size-default\">TEENFORM<\/h2>\t\t\t\t<\/div>\n\t\t\t\t<div class=\"elementor-element elementor-element-964a475 elementor-widget elementor-widget-text-editor\" data-id=\"964a475\" data-element_type=\"widget\" data-widget_type=\"text-editor.default\">\n\t\t\t\t\t\t\t\t\t<p>WARD ASHBY STUDIO SRL deruleaz\u0103 proiectul TEENFORM, \u00een valoare de\u00a0 4.975.627,67 lei <br \/>&#8211; Valoarea eligibila nerambursabila din partea FSE: 4.017.819,35 lei;<br \/>&#8211; Valoarea eligibila nerambursabila din bugetul national: 709.026,94 lei;<br \/>&#8211; Valoarea cofinantarii eligibile a beneficiarului: 248.781,38 lei,<\/p><p>finan\u021bat prin Programul Educa\u021bie \u0219i Ocupare 2021\u20132027, cu sus\u021binerea Fondului Social European Plus (FSE+). Proiectul se adreseaz\u0103 unui num\u0103r de 280 de tineri cu v\u00e2rste cuprinse \u00eentre 16 \u0219i 29 de ani, din regiunea Centru (jude\u021bele Alba, Bra\u0219ov, Covasna, Harghita, Mure\u0219 \u0219i Sibiu), av\u00e2nd drept scop principal facilitarea integr\u0103rii acestora pe pia\u021ba muncii.<\/p><p>Prin activit\u0103\u021bi complexe \u0219i complementare \u2013 precum consilierea profesional\u0103, medierea muncii, formarea profesional\u0103 \u0219i sprijinul socio-profesional \u2013 proiectul \u00ee\u0219i propune s\u0103 contribuie la cre\u0219terea oportunit\u0103\u021bilor de angajare \u00een r\u00e2ndul tinerilor. Se estimeaz\u0103 c\u0103 cel pu\u021bin 228 de participan\u021bi vor ob\u021bine o calificare, iar 85 de tineri vor reu\u0219i s\u0103 se angajeze sau s\u0103 ini\u021bieze activit\u0103\u021bi independente.<\/p><p>Ini\u021biativa TEENFORM are la baz\u0103 valori fundamentale precum egalitatea de \u0219anse, nediscriminarea, incluziunea social\u0103 \u0219i dezvoltarea durabil\u0103, av\u00e2nd un accent special pe sus\u021binerea tinerilor NEETs \u0219i a celor proveni\u021bi din comunit\u0103\u021bi vulnerabile. Sprijinul Uniunii Europene prin FSE+ st\u0103 la baza acestui demers, contribuind la construirea unui viitor profesional stabil pentru tineri.<\/p>\t\t\t\t\t\t\t\t<\/div>\n\t\t\t\t<div class=\"elementor-element elementor-element-3318f39 elementor-align-left elementor-widget elementor-widget-button\" data-id=\"3318f39\" data-element_type=\"widget\" data-widget_type=\"button.default\">\n\t\t\t\t\t\t\t\t\t\t<a class=\"elementor-button elementor-button-link elementor-size-sm\" href=\"https:\/\/teenform.ro\/?page_id=401\">\n\t\t\t\t\t\t<span class=\"elementor-button-content-wrapper\">\n\t\t\t\t\t\t\t\t\t<span class=\"elementor-button-text\">Despre Proiectul TEENFORM<\/span>\n\t\t\t\t\t<\/span>\n\t\t\t\t\t<\/a>\n\t\t\t\t\t\t\t\t<\/div>\n\t\t\t\t\t<\/div>\n\t\t<\/div>\n\t\t\t\t<div class=\"elementor-column elementor-col-50 elementor-top-column elementor-element elementor-element-06d9e92\" data-id=\"06d9e92\" data-element_type=\"column\">\n\t\t\t<div class=\"elementor-widget-wrap elementor-element-populated\">\n\t\t\t\t\t\t<div class=\"elementor-element elementor-element-bd55c99 stretch-right elementor-widget elementor-widget-image\" data-id=\"bd55c99\" data-element_type=\"widget\" data-widget_type=\"image.default\">\n\t\t\t\t\t\t\t\t\t\t\t\t\t\t\t<img decoding=\"async\" width=\"940\" height=\"788\" src=\"https:\/\/teenform.ro\/wp-content\/uploads\/2025\/07\/2.png\" class=\"attachment-large size-large wp-image-891\" alt=\"\" srcset=\"https:\/\/teenform.ro\/wp-content\/uploads\/2025\/07\/2.png 940w, https:\/\/teenform.ro\/wp-content\/uploads\/2025\/07\/2-300x251.png 300w, https:\/\/teenform.ro\/wp-content\/uploads\/2025\/07\/2-768x644.png 768w, https:\/\/teenform.ro\/wp-content\/uploads\/2025\/07\/2-230x193.png 230w, https:\/\/teenform.ro\/wp-content\/uploads\/2025\/07\/2-350x293.png 350w, https:\/\/teenform.ro\/wp-content\/uploads\/2025\/07\/2-480x402.png 480w\" sizes=\"(max-width: 940px) 100vw, 940px\" \/>\t\t\t\t\t\t\t\t\t\t\t\t\t\t\t<\/div>\n\t\t\t\t\t<\/div>\n\t\t<\/div>\n\t\t\t\t\t<\/div>\n\t\t<\/section>\n\t\t\t\t<section class=\"elementor-section elementor-top-section elementor-element elementor-element-8d95cd6 elementor-section-content-middle elementor-section-boxed elementor-section-height-default elementor-section-height-default\" data-id=\"8d95cd6\" data-element_type=\"section\" data-settings=\"{&quot;background_background&quot;:&quot;classic&quot;}\">\n\t\t\t\t\t\t<div class=\"elementor-container elementor-column-gap-default\">\n\t\t\t\t\t<div class=\"elementor-column elementor-col-50 elementor-top-column elementor-element elementor-element-e97b8fc\" data-id=\"e97b8fc\" data-element_type=\"column\">\n\t\t\t<div class=\"elementor-widget-wrap elementor-element-populated\">\n\t\t\t\t\t\t<div class=\"elementor-element elementor-element-51fbeef stretch-left elementor-widget elementor-widget-image\" data-id=\"51fbeef\" data-element_type=\"widget\" data-widget_type=\"image.default\">\n\t\t\t\t\t\t\t\t\t\t\t\t\t\t\t<img decoding=\"async\" width=\"733\" height=\"1024\" src=\"https:\/\/teenform.ro\/wp-content\/uploads\/2025\/07\/CERCUL-ARMONIEI3-1-733x1024.png\" class=\"attachment-large size-large wp-image-950\" alt=\"\" srcset=\"https:\/\/teenform.ro\/wp-content\/uploads\/2025\/07\/CERCUL-ARMONIEI3-1-733x1024.png 733w, https:\/\/teenform.ro\/wp-content\/uploads\/2025\/07\/CERCUL-ARMONIEI3-1-215x300.png 215w, https:\/\/teenform.ro\/wp-content\/uploads\/2025\/07\/CERCUL-ARMONIEI3-1-768x1072.png 768w, https:\/\/teenform.ro\/wp-content\/uploads\/2025\/07\/CERCUL-ARMONIEI3-1-230x321.png 230w, https:\/\/teenform.ro\/wp-content\/uploads\/2025\/07\/CERCUL-ARMONIEI3-1-350x489.png 350w, https:\/\/teenform.ro\/wp-content\/uploads\/2025\/07\/CERCUL-ARMONIEI3-1-480x670.png 480w, https:\/\/teenform.ro\/wp-content\/uploads\/2025\/07\/CERCUL-ARMONIEI3-1.png 967w\" sizes=\"(max-width: 733px) 100vw, 733px\" \/>\t\t\t\t\t\t\t\t\t\t\t\t\t\t\t<\/div>\n\t\t\t\t\t<\/div>\n\t\t<\/div>\n\t\t\t\t<div class=\"elementor-column elementor-col-50 elementor-top-column elementor-element elementor-element-16f4b9d\" data-id=\"16f4b9d\" data-element_type=\"column\">\n\t\t\t<div class=\"elementor-widget-wrap elementor-element-populated\">\n\t\t\t\t\t\t<div class=\"elementor-element elementor-element-956bba1 elementor-widget elementor-widget-heading\" data-id=\"956bba1\" data-element_type=\"widget\" data-widget_type=\"heading.default\">\n\t\t\t\t\t<h6 class=\"elementor-heading-title elementor-size-default\">Despre compania<\/h6>\t\t\t\t<\/div>\n\t\t\t\t<div class=\"elementor-element elementor-element-31b9076 elementor-widget elementor-widget-heading\" data-id=\"31b9076\" data-element_type=\"widget\" data-widget_type=\"heading.default\">\n\t\t\t\t\t<h4 class=\"elementor-heading-title elementor-size-default\">WARD ASHBY STUDIO SRL<\/h4>\t\t\t\t<\/div>\n\t\t\t\t<div class=\"elementor-element elementor-element-df4c0ef elementor-widget elementor-widget-text-editor\" data-id=\"df4c0ef\" data-element_type=\"widget\" data-widget_type=\"text-editor.default\">\n\t\t\t\t\t\t\t\t\t<div class=\"elementor-element elementor-element-518262e elementor-widget__width-initial elementor-widget elementor-widget-text-editor\" data-id=\"518262e\" data-element_type=\"widget\" data-widget_type=\"text-editor.default\"><div class=\"elementor-widget-container\"><p>Fondat\u0103 \u00een 2016, Ward Ashby Studio SRL s-a specializat \u00een domeniul educa\u021biei \u0219i form\u0103rii adul\u021bilor, organizarea de evenimente, servicii de marketing \u0219i campanii de comunicare. De-a lungul timpului, am extins portofoliul de servicii, oferind solu\u021bii complexe pentru dezvoltarea personalului.<\/p><\/div><\/div><div class=\"elementor-element elementor-element-bb94b2a elementor-widget elementor-widget-heading\" data-id=\"bb94b2a\" data-element_type=\"widget\" data-widget_type=\"heading.default\"><div class=\"elementor-widget-container\"><div class=\"elementor-heading-title elementor-size-default\"><strong>Servicii \u0219i Realiz\u0103ri<\/strong><\/div><\/div><\/div><div class=\"elementor-element elementor-element-664e6bb elementor-widget__width-initial elementor-widget elementor-widget-text-editor\" data-id=\"664e6bb\" data-element_type=\"widget\" data-widget_type=\"text-editor.default\"><div class=\"elementor-widget-container\"><p>P\u00e2n\u0103 \u00een prezent, compania noastr\u0103 a livrat programe de formare c\u0103tre peste 500 de participan\u021bi \u00een diverse domenii, precum:<\/p><ul><li>simul\u0103ri de business,<\/li><li>comunicare eficient\u0103,<\/li><li>rela\u021bii cu clien\u021bii,<\/li><li>v\u00e2nz\u0103ri \u0219i bune maniere \u00een interac\u021biunea cu clien\u021bii,<\/li><li>dezvoltarea talentelor.<\/li><\/ul><p>De asemenea, avem o vast\u0103 experien\u021b\u0103 \u00een organizarea de evenimente corporate, colabor\u00e2nd cu branduri de renume precum HP Inc. Rom\u00e2nia, Veeam Software, IT Smart Distribution \u0219i Servel.\u00a0<\/p><\/div><\/div><div class=\"elementor-element elementor-element-c96e37f elementor-widget elementor-widget-heading\" data-id=\"c96e37f\" data-element_type=\"widget\" data-widget_type=\"heading.default\"><div class=\"elementor-widget-container\"><div class=\"elementor-heading-title elementor-size-default\"><strong>Experien\u021b\u0103 \u00een Proiecte cu Finan\u021bare Nerambursabil\u0103<\/strong><\/div><\/div><\/div><div class=\"elementor-element elementor-element-e095a9f elementor-widget__width-initial elementor-widget elementor-widget-text-editor\" data-id=\"e095a9f\" data-element_type=\"widget\" data-widget_type=\"text-editor.default\"><div class=\"elementor-widget-container\"><p>Ward Ashby Studio SRL de\u021bine o expertiz\u0103 solid\u0103 \u00een gestionarea proiectelor cu finan\u021bare nerambursabil\u0103. \u00cen cadrul acestor proiecte, am realizat activit\u0103\u021bi de informare, selec\u021bie a tinerilor vulnerabili din grupuri \u021bint\u0103, formare profesional\u0103, consiliere \u0219i organizare stagii de practic\u0103. De asemenea, am sprijinit tinerii \u00een g\u0103sirea unui loc de munc\u0103 \u0219i am organizat concursuri de planuri de afaceri, oferind consultan\u021b\u0103 \u00een elaborarea \u0219i implementarea acestora.<\/p><p>Un alt succes notabil este monitorizarea \u0219i sprijinul oferit celor 38 de IMM-uri \u00eenfiin\u021bate \u00een urma derul\u0103rii concursurilor de planuri de afaceri, contribuind astfel la dezvoltarea antreprenoriatului \u00een Rom\u00e2nia.<\/p><\/div><\/div>\t\t\t\t\t\t\t\t<\/div>\n\t\t\t\t\t<\/div>\n\t\t<\/div>\n\t\t\t\t\t<\/div>\n\t\t<\/section>\n\t\t\t\t<\/div>\n\t\t","protected":false},"excerpt":{"rendered":"<p>TEENFORM TEENFORM &#8211; SMIS 337252 un nou \u00eenceput pentru 280 de tineri din Regiunea Centru (jude\u021bele Alba, Bra\u0219ov, Covasna, Harghita, Mure\u0219 \u0219i [&hellip;]<\/p>\n","protected":false},"author":2,"featured_media":573,"parent":0,"menu_order":0,"comment_status":"closed","ping_status":"closed","template":"page-templates\/page_front-page.php","meta":{"footnotes":""},"class_list":["post-741","page","type-page","status-publish","has-post-thumbnail","hentry"],"_links":{"self":[{"href":"https:\/\/teenform.ro\/index.php?rest_route=\/wp\/v2\/pages\/741","targetHints":{"allow":["GET"]}}],"collection":[{"href":"https:\/\/teenform.ro\/index.php?rest_route=\/wp\/v2\/pages"}],"about":[{"href":"https:\/\/teenform.ro\/index.php?rest_route=\/wp\/v2\/types\/page"}],"author":[{"embeddable":true,"href":"https:\/\/teenform.ro\/index.php?rest_route=\/wp\/v2\/users\/2"}],"replies":[{"embeddable":true,"href":"https:\/\/teenform.ro\/index.php?rest_route=%2Fwp%2Fv2%2Fcomments&post=741"}],"version-history":[{"count":108,"href":"https:\/\/teenform.ro\/index.php?rest_route=\/wp\/v2\/pages\/741\/revisions"}],"predecessor-version":[{"id":1231,"href":"https:\/\/teenform.ro\/index.php?rest_route=\/wp\/v2\/pages\/741\/revisions\/1231"}],"wp:featuredmedia":[{"embeddable":true,"href":"https:\/\/teenform.ro\/index.php?rest_route=\/wp\/v2\/media\/573"}],"wp:attachment":[{"href":"https:\/\/teenform.ro\/index.php?rest_route=%2Fwp%2Fv2%2Fmedia&parent=741"}],"curies":[{"name":"wp","href":"https:\/\/api.w.org\/{rel}","templated":true}]}}